{"id":422,"date":"2017-10-06T12:50:03","date_gmt":"2017-10-06T11:50:03","guid":{"rendered":"https:\/\/csp.ubt-uni.net\/cert\/?page_id=422"},"modified":"2017-11-20T10:40:42","modified_gmt":"2017-11-20T09:40:42","slug":"raportimi-incidentit","status":"publish","type":"page","link":"https:\/\/csp.ubt-uni.net\/cert\/sq\/raportimi-incidentit\/","title":{"rendered":"Raporto Incidentin"},"content":{"rendered":"<p>Sistemi per Raportimin e Incidenteve t\u00eb UBT-CERT ofron nj\u00eb mjet t\u00eb sigurt p\u00ebr t\u00eb raportuar\u00a0incidentet e siguris\u00eb kompjuterike. Ne pranojm\u00eb raporte p\u00ebr nj\u00eb dob\u00ebsi\u00a0t\u00eb siguris\u00eb dhe punojm\u00eb p\u00ebr t\u00eb zgjidhur dob\u00ebsit\u00eb.<u><\/u><u><\/u><\/p>\n<p>N\u00ebse besoni se keni gjetur nj\u00eb dob\u00ebsi t\u00eb siguris\u00eb q\u00eb nuk \u00ebsht\u00eb zgjidhur, ju lutem d\u00ebrgoni me e-mail n\u00eb adres\u00ebn\u00a0<a href=\"mailto:cert.incident@ubt-uni.net\" target=\"_blank\" rel=\"noopener\">cert.incident@ubt-uni.<wbr \/>net<\/a><u><\/u><u><\/u><\/p>\n<p>N\u00ebse keni ndonj\u00eb problem ose d\u00ebshironi p\u00ebr raportim t\u00eb p\u00ebrdorni mekaniz\u00ebm tjet\u00ebr, na kontaktoni.<u><\/u><u><\/u><\/p>\n<p>Raporti i pranimit d\u00ebrgohet p\u00ebr t\u00eb informuar se raporti i incidentit \u00ebsht\u00eb marr\u00eb.<\/p>\n","protected":false},"excerpt":{"rendered":"<p>Sistemi per Raportimin e Incidenteve t\u00eb UBT-CERT ofron nj\u00eb mjet t\u00eb sigurt p\u00ebr t\u00eb raportuar\u00a0incidentet e siguris\u00eb kompjuterike. Ne pranojm\u00eb raporte p\u00ebr nj\u00eb dob\u00ebsi\u00a0t\u00eb siguris\u00eb dhe punojm\u00eb p\u00ebr t\u00eb zgjidhur dob\u00ebsit\u00eb. N\u00ebse besoni se keni gjetur nj\u00eb dob\u00ebsi t\u00eb siguris\u00eb<\/p>\n","protected":false},"author":1,"featured_media":0,"parent":0,"menu_order":0,"comment_status":"closed","ping_status":"closed","template":"","meta":{"footnotes":""},"class_list":["post-422","page","type-page","status-publish","hentry"],"_links":{"self":[{"href":"https:\/\/csp.ubt-uni.net\/cert\/wp-json\/wp\/v2\/pages\/422","targetHints":{"allow":["GET"]}}],"collection":[{"href":"https:\/\/csp.ubt-uni.net\/cert\/wp-json\/wp\/v2\/pages"}],"about":[{"href":"https:\/\/csp.ubt-uni.net\/cert\/wp-json\/wp\/v2\/types\/page"}],"author":[{"embeddable":true,"href":"https:\/\/csp.ubt-uni.net\/cert\/wp-json\/wp\/v2\/users\/1"}],"replies":[{"embeddable":true,"href":"https:\/\/csp.ubt-uni.net\/cert\/wp-json\/wp\/v2\/comments?post=422"}],"version-history":[{"count":4,"href":"https:\/\/csp.ubt-uni.net\/cert\/wp-json\/wp\/v2\/pages\/422\/revisions"}],"predecessor-version":[{"id":460,"href":"https:\/\/csp.ubt-uni.net\/cert\/wp-json\/wp\/v2\/pages\/422\/revisions\/460"}],"wp:attachment":[{"href":"https:\/\/csp.ubt-uni.net\/cert\/wp-json\/wp\/v2\/media?parent=422"}],"curies":[{"name":"wp","href":"https:\/\/api.w.org\/{rel}","templated":true}]}}