{"id":419,"date":"2017-10-06T12:48:05","date_gmt":"2017-10-06T11:48:05","guid":{"rendered":"https:\/\/csp.ubt-uni.net\/cert\/?page_id=419"},"modified":"2018-06-21T10:03:35","modified_gmt":"2018-06-21T09:03:35","slug":"kerkimet","status":"publish","type":"page","link":"https:\/\/csp.ubt-uni.net\/cert\/sq\/kerkimet\/","title":{"rendered":"K\u00ebrkim &#038; Zhvillim"},"content":{"rendered":"<p>Produktet Inovative n\u00eb UBT-CERT ofrojn\u00eb nj\u00eb llojllojshm\u00ebri t\u00eb informacioneve p\u00ebr komunitetin dhe p\u00ebrdoruesit me njohuri t\u00eb ndryshme.<\/p>\n<p>UBT-CERT Divizioni pjes\u00eb e <a href=\"https:\/\/csp.ubt-uni.net\/sq\/kerkim-zhvillim\/\">Qendr\u00ebs p\u00ebr K\u00ebrkim &amp; Zhvillim<\/a>\u00a0fokusin kryesor e ka n\u00eb zhvillimin e:<\/p>\n<ul>\n<li>Cyber Security Politika dhe Strategji<\/li>\n<li>Cyber Kultura dhe Shoq\u00ebria<\/li>\n<li>Cyber Security Edukimi, Trajnimet<\/li>\n<li>Korniza ligjore dhe rregulluese<\/li>\n<li>Standarde, Organizimi dhe Teknologji<\/li>\n<\/ul>\n<p><strong>T\u00eb rejat n\u00eb K\u00ebrkim &amp; Zhvillim<\/strong><br \/>\n<ul class=\"display-posts-listing\"><li class=\"listing-item\"><a class=\"title\" href=\"https:\/\/csp.ubt-uni.net\/cert\/en\/developing-an-information-security-policy\/\">Project &#8220;Bomb Defuse&#8221;<\/a> <span class=\"date\">(6\/29\/2016)<\/span><\/li><li class=\"listing-item\"><a class=\"title\" href=\"https:\/\/csp.ubt-uni.net\/cert\/en\/project-building-wi-fi-super-tower\/\">Project building &#8220;Wi-Fi Super Tower&#8221;<\/a> <span class=\"date\">(6\/21\/2018)<\/span><\/li><\/ul><\/p>\n<ul class=\"display-posts-listing\"><li class=\"listing-item\"><a class=\"title\" href=\"https:\/\/csp.ubt-uni.net\/cert\/en\/developing-an-information-security-policy\/\">Project &#8220;Bomb Defuse&#8221;<\/a> <span class=\"date\">(6\/29\/2016)<\/span><\/li><li class=\"listing-item\"><a class=\"title\" href=\"https:\/\/csp.ubt-uni.net\/cert\/en\/project-building-wi-fi-super-tower\/\">Project building &#8220;Wi-Fi Super Tower&#8221;<\/a> <span class=\"date\">(6\/21\/2018)<\/span><\/li><\/ul>\n<p><strong>Njoftimet, Vulnerabilities, Keshillat<\/strong><br \/>\nOfrohen vazhdimisht informacionet p\u00ebr l\u00ebshimet e siguris\u00eb, vulnerabilities, dhe exploits.<\/p>\n","protected":false},"excerpt":{"rendered":"<p>Produktet Inovative n\u00eb UBT-CERT ofrojn\u00eb nj\u00eb llojllojshm\u00ebri t\u00eb informacioneve p\u00ebr komunitetin dhe p\u00ebrdoruesit me njohuri t\u00eb ndryshme. UBT-CERT Divizioni pjes\u00eb e Qendr\u00ebs p\u00ebr K\u00ebrkim &amp; Zhvillim\u00a0fokusin kryesor e ka n\u00eb zhvillimin e: Cyber Security Politika dhe Strategji Cyber Kultura dhe<\/p>\n","protected":false},"author":1,"featured_media":0,"parent":0,"menu_order":0,"comment_status":"closed","ping_status":"closed","template":"","meta":{"footnotes":""},"class_list":["post-419","page","type-page","status-publish","hentry"],"_links":{"self":[{"href":"https:\/\/csp.ubt-uni.net\/cert\/wp-json\/wp\/v2\/pages\/419","targetHints":{"allow":["GET"]}}],"collection":[{"href":"https:\/\/csp.ubt-uni.net\/cert\/wp-json\/wp\/v2\/pages"}],"about":[{"href":"https:\/\/csp.ubt-uni.net\/cert\/wp-json\/wp\/v2\/types\/page"}],"author":[{"embeddable":true,"href":"https:\/\/csp.ubt-uni.net\/cert\/wp-json\/wp\/v2\/users\/1"}],"replies":[{"embeddable":true,"href":"https:\/\/csp.ubt-uni.net\/cert\/wp-json\/wp\/v2\/comments?post=419"}],"version-history":[{"count":15,"href":"https:\/\/csp.ubt-uni.net\/cert\/wp-json\/wp\/v2\/pages\/419\/revisions"}],"predecessor-version":[{"id":825,"href":"https:\/\/csp.ubt-uni.net\/cert\/wp-json\/wp\/v2\/pages\/419\/revisions\/825"}],"wp:attachment":[{"href":"https:\/\/csp.ubt-uni.net\/cert\/wp-json\/wp\/v2\/media?parent=419"}],"curies":[{"name":"wp","href":"https:\/\/api.w.org\/{rel}","templated":true}]}}